{"id":233,"date":"2019-04-09T10:00:50","date_gmt":"2019-04-09T10:00:50","guid":{"rendered":"https:\/\/immunoassays.de\/?page_id=233"},"modified":"2019-04-09T10:03:56","modified_gmt":"2019-04-09T10:03:56","slug":"follikulogenese","status":"publish","type":"page","link":"https:\/\/immunoassays.de\/?page_id=233","title":{"rendered":"Follikulogenese"},"content":{"rendered":"\n<p>\nDas Forschungs- und Entdeckungsteam von Ansh Labs erforscht das Zusammenspiel der verschiedenen Hormone, die an der Rekrutierung von Follikeln, der Reifung und der dominanten Follikelauswahl beteiligt sind. Wir sind spezialisiert auf die Entwicklung von Antik\u00f6rpern und Immunoassays f\u00fcr Hormone der TGF-\u00df-Superfamilie, Biomarker f\u00fcr kardiometabolische Erkrankungen, insulin\u00e4hnliche Wachstumsfaktoren usw.<\/p>\n\n\n\n<p>Klicken Sie auf das Bild, um unsere neueste Lerngrafik zu Folliculogensis anzuzeigen. Es wurde in Zusammenarbeit mit mehreren wichtigen Meinungsf\u00fchrern entwickelt, die sich mit der menschlichen Reproduktion befassen. Wir planen, diese Grafik zu erweitern, sodass wir Ihre Empfehlungen begr\u00fc\u00dfen k\u00f6nnen. Kontaktieren Sie uns einfach \u00fcber das Kontaktformular und teilen Sie uns Ihre Gedanken mit. Die n\u00e4chste Iteration umfasst die Follikelgr\u00f6\u00dfe in jeder Phase, den gesch\u00e4tzten Zeitrahmen f\u00fcr den Fortschritt des Follikels und die gesch\u00e4tzte Atresienmenge in jeder Phase. <\/p>\n\n\n\n<figure class=\"wp-block-image\"><a href=\"https:\/\/immunoassays.de\/wp-content\/uploads\/2019\/04\/Folliculogenesis_Final.pdf\" target=\"_blank\" rel=\"noreferrer noopener\"><img loading=\"lazy\" decoding=\"async\" width=\"1024\" height=\"595\" src=\"https:\/\/immunoassays.de\/wp-content\/uploads\/2019\/04\/folliculogenesis_final-1024x595.jpg\" alt=\"\" class=\"wp-image-234\" srcset=\"https:\/\/immunoassays.de\/wp-content\/uploads\/2019\/04\/folliculogenesis_final-1024x595.jpg 1024w, https:\/\/immunoassays.de\/wp-content\/uploads\/2019\/04\/folliculogenesis_final-300x174.jpg 300w, https:\/\/immunoassays.de\/wp-content\/uploads\/2019\/04\/folliculogenesis_final-768x446.jpg 768w, https:\/\/immunoassays.de\/wp-content\/uploads\/2019\/04\/folliculogenesis_final-1859x1080.jpg 1859w\" sizes=\"auto, (max-width: 1024px) 100vw, 1024px\" \/><\/a><\/figure>\n","protected":false},"excerpt":{"rendered":"<p>Das Forschungs- und Entdeckungsteam von Ansh Labs erforscht das Zusammenspiel der verschiedenen Hormone, die an der Rekrutierung von Follikeln, der Reifung und der dominanten Follikelauswahl beteiligt sind. Wir sind spezialisiert auf die Entwicklung von Antik\u00f6rpern und Immunoassays f\u00fcr Hormone der TGF-\u00df-Superfamilie, Biomarker f\u00fcr kardiometabolische Erkrankungen, insulin\u00e4hnliche Wachstumsfaktoren usw. Klicken Sie auf das Bild, um unsere&hellip; <br \/> <a class=\"read-more\" href=\"https:\/\/immunoassays.de\/?page_id=233\">Weiterlesen<\/a><\/p>\n","protected":false},"author":1,"featured_media":0,"parent":0,"menu_order":0,"comment_status":"closed","ping_status":"closed","template":"","meta":{"footnotes":""},"class_list":["post-233","page","type-page","status-publish","hentry"],"_links":{"self":[{"href":"https:\/\/immunoassays.de\/index.php?rest_route=\/wp\/v2\/pages\/233","targetHints":{"allow":["GET"]}}],"collection":[{"href":"https:\/\/immunoassays.de\/index.php?rest_route=\/wp\/v2\/pages"}],"about":[{"href":"https:\/\/immunoassays.de\/index.php?rest_route=\/wp\/v2\/types\/page"}],"author":[{"embeddable":true,"href":"https:\/\/immunoassays.de\/index.php?rest_route=\/wp\/v2\/users\/1"}],"replies":[{"embeddable":true,"href":"https:\/\/immunoassays.de\/index.php?rest_route=%2Fwp%2Fv2%2Fcomments&post=233"}],"version-history":[{"count":3,"href":"https:\/\/immunoassays.de\/index.php?rest_route=\/wp\/v2\/pages\/233\/revisions"}],"predecessor-version":[{"id":239,"href":"https:\/\/immunoassays.de\/index.php?rest_route=\/wp\/v2\/pages\/233\/revisions\/239"}],"wp:attachment":[{"href":"https:\/\/immunoassays.de\/index.php?rest_route=%2Fwp%2Fv2%2Fmedia&parent=233"}],"curies":[{"name":"wp","href":"https:\/\/api.w.org\/{rel}","templated":true}]}}